{"id":428,"date":"2023-01-23T18:30:18","date_gmt":"2023-01-23T18:30:18","guid":{"rendered":"https:\/\/www.colegiolasacacias.cl\/?page_id=428"},"modified":"2023-02-22T05:41:41","modified_gmt":"2023-02-22T05:41:41","slug":"proyecto-educativo","status":"publish","type":"page","link":"https:\/\/www.colegiolasacacias.cl\/?page_id=428","title":{"rendered":"PROYECTO EDUCATIVO"},"content":{"rendered":"\n<p><strong>Marco filos\u00f3fico que sustenta el PEI&nbsp;<\/strong><\/p>\n\n\n\n<div style=\"height:10px\" aria-hidden=\"true\" class=\"wp-block-spacer\"><\/div>\n\n\n\n<p>El proyecto educativo institucional se caracteriza por la cultura mas\u00f3nica que lo sustenta expresado en sus valores declarados en la misi\u00f3n; se puede advertir el compromiso de la organizaci\u00f3n por fortalecer una educaci\u00f3n laica en la regi\u00f3n de Valpara\u00edso, que garantice a la familia una alternativa distinta, singular y fundamentalmente humana.&nbsp;<\/p>\n\n\n\n<div style=\"height:30px\" aria-hidden=\"true\" class=\"wp-block-spacer\"><\/div>\n\n\n\n<p><strong>El Marco Filos\u00f3fico se sustenta en los siguientes principios:&nbsp;<\/strong><\/p>\n\n\n\n<div style=\"height:10px\" aria-hidden=\"true\" class=\"wp-block-spacer\"><\/div>\n\n\n\n<p>\u2022 <strong>Formar personas<\/strong> en el marco de una concepci\u00f3n laica de la educaci\u00f3n para que sean responsables, tolerantes, solidarios, inclusivos, fraternos, amantes de la libertad, la&nbsp; igualdad, la justicia y la paz.&nbsp;<\/p>\n\n\n\n<div style=\"height:10px\" aria-hidden=\"true\" class=\"wp-block-spacer\"><\/div>\n\n\n\n<p>\u2022 <strong>Desarrollar la personalidad del estudiante<\/strong> fortaleciendo su autoestima, en la perspectiva de una sociedad humanista y democr\u00e1tica.&nbsp;<\/p>\n\n\n\n<div style=\"height:10px\" aria-hidden=\"true\" class=\"wp-block-spacer\"><\/div>\n\n\n\n<p>\u2022 <strong>Orientar el proceso de formaci\u00f3n laica<\/strong> hacia la adquisici\u00f3n de h\u00e1bitos, habilidades, destrezas y actitudes que permitan al alumno integrarse, eficientemente, a las labores del estudio, el trabajo y a la vida social.&nbsp;<\/p>\n\n\n\n<div style=\"height:10px\" aria-hidden=\"true\" class=\"wp-block-spacer\"><\/div>\n\n\n\n<p>\u2022 <strong>Posibilitar el desarrollo social, cultural y f\u00edsico arm\u00f3nico<\/strong> conforme a los requerimientos de la persona y de una sociedad en constante cambio.&nbsp;<\/p>\n\n\n\n<div style=\"height:10px\" aria-hidden=\"true\" class=\"wp-block-spacer\"><\/div>\n\n\n\n<p>\u2022 <strong>Orientar el proceso educativo<\/strong> hacia el conocimiento y valoraci\u00f3n de la cultura universal y de la nuestra en particular.&nbsp;<\/p>\n\n\n\n<div style=\"height:10px\" aria-hidden=\"true\" class=\"wp-block-spacer\"><\/div>\n\n\n\n<p>\u2022 <strong>Desarrollar en el estudiante el amor por las manifestaciones del arte<\/strong> y expresar, ya sea mediante la pl\u00e1stica, la m\u00fasica, la danza, el teatro u otros, sus inquietudes, sentimientos, aspiraciones y valores.&nbsp;<\/p>\n\n\n\n<div style=\"height:10px\" aria-hidden=\"true\" class=\"wp-block-spacer\"><\/div>\n\n\n\n<p>\u2022<strong> Promover y desarrollar en los estudiantes el amor por la naturaleza<\/strong> y la expresi\u00f3n concreta de conductas de protecci\u00f3n y defensa del medio ambiente.&nbsp;<\/p>\n\n\n\n<div style=\"height:10px\" aria-hidden=\"true\" class=\"wp-block-spacer\"><\/div>\n\n\n\n<p>\u2022 <strong>Formar personas capaces de asumir las tareas concretas del medio social<\/strong>, ya sea como integrantes de las diferentes instituciones; como l\u00edderes de \u00e9stas y\/o como gestores de tareas conducentes al mejoramiento de la sociedad.\u00a0<\/p>\n\n\n\n<div style=\"height:10px\" aria-hidden=\"true\" class=\"wp-block-spacer\"><\/div>\n\n\n\n<p>\u2022 <strong>Propiciar el desarrollo del pensamiento cr\u00edtico y de la investigaci\u00f3n.<\/strong>&nbsp;<\/p>\n\n\n\n<div style=\"height:10px\" aria-hidden=\"true\" class=\"wp-block-spacer\"><\/div>\n\n\n\n<p>\u2022 <strong>Crear condiciones que permitan al estudiante valorar el rol de la familia<\/strong> y apoyar la acci\u00f3n de \u00e9sta por medio de estrategias de orientaci\u00f3n adecuada.&nbsp;<\/p>\n\n\n\n<div style=\"height:10px\" aria-hidden=\"true\" class=\"wp-block-spacer\"><\/div>\n\n\n\n<p>\u2022 <strong>Posibilitar el desarrollo de estrategias de ense\u00f1anza aprendizaje<\/strong>, que permitan al estudiante incorporar a su saber los conceptos, principios, teor\u00edas y\/o leyes del campo de las ciencias.&nbsp;<\/p>\n\n\n\n<div style=\"height:10px\" aria-hidden=\"true\" class=\"wp-block-spacer\"><\/div>\n\n\n\n<p>\u2022 <strong>Crear condiciones para que los ni\u00f1os y j\u00f3venes expresen y desarrollen sentimientos, ideas y valores en funci\u00f3n de sus necesidades<\/strong>, as\u00ed como los de su Familia, el Colegio y la Sociedad toda.<\/p>\n","protected":false},"excerpt":{"rendered":"<p>Marco filos\u00f3fico que sustenta el PEI&nbsp; El proyecto educativo institucional se caracteriza por la cultura mas\u00f3nica que lo sustenta expresado en sus valores declarados en la misi\u00f3n; se puede advertir el compromiso de la organizaci\u00f3n por fortalecer una educaci\u00f3n laica en la regi\u00f3n de Valpara\u00edso, que garantice a la familia una alternativa distinta, singular y [&hellip;]<\/p>\n","protected":false},"author":1,"featured_media":818,"parent":432,"menu_order":2,"comment_status":"closed","ping_status":"closed","template":"","meta":{"footnotes":""},"class_list":["post-428","page","type-page","status-publish","has-post-thumbnail","hentry"],"_links":{"self":[{"href":"https:\/\/www.colegiolasacacias.cl\/index.php?rest_route=\/wp\/v2\/pages\/428","targetHints":{"allow":["GET"]}}],"collection":[{"href":"https:\/\/www.colegiolasacacias.cl\/index.php?rest_route=\/wp\/v2\/pages"}],"about":[{"href":"https:\/\/www.colegiolasacacias.cl\/index.php?rest_route=\/wp\/v2\/types\/page"}],"author":[{"embeddable":true,"href":"https:\/\/www.colegiolasacacias.cl\/index.php?rest_route=\/wp\/v2\/users\/1"}],"replies":[{"embeddable":true,"href":"https:\/\/www.colegiolasacacias.cl\/index.php?rest_route=%2Fwp%2Fv2%2Fcomments&post=428"}],"version-history":[{"count":13,"href":"https:\/\/www.colegiolasacacias.cl\/index.php?rest_route=\/wp\/v2\/pages\/428\/revisions"}],"predecessor-version":[{"id":969,"href":"https:\/\/www.colegiolasacacias.cl\/index.php?rest_route=\/wp\/v2\/pages\/428\/revisions\/969"}],"up":[{"embeddable":true,"href":"https:\/\/www.colegiolasacacias.cl\/index.php?rest_route=\/wp\/v2\/pages\/432"}],"wp:featuredmedia":[{"embeddable":true,"href":"https:\/\/www.colegiolasacacias.cl\/index.php?rest_route=\/wp\/v2\/media\/818"}],"wp:attachment":[{"href":"https:\/\/www.colegiolasacacias.cl\/index.php?rest_route=%2Fwp%2Fv2%2Fmedia&parent=428"}],"curies":[{"name":"wp","href":"https:\/\/api.w.org\/{rel}","templated":true}]}}